{"id":436,"date":"2024-09-26T13:45:35","date_gmt":"2024-09-26T10:45:35","guid":{"rendered":"https:\/\/lobbyingeu.kopenaccess.gr\/?page_id=436"},"modified":"2024-10-03T23:27:02","modified_gmt":"2024-10-03T20:27:02","slug":"perifereiakes_topikes_arches","status":"publish","type":"page","link":"https:\/\/lobbyingeu.kopenaccess.gr\/index.php\/perifereiakes_topikes_arches\/","title":{"rendered":"\u03a0\u03b5\u03c1\u03b9\u03c6\u03b5\u03c1\u03b5\u03b9\u03b1\u03ba\u03ad\u03c2 \u03ba\u03b1\u03b9 \u03c4\u03bf\u03c0\u03b9\u03ba\u03ad\u03c2 \u03b1\u03c1\u03c7\u03ad\u03c2"},"content":{"rendered":"<p>[et_pb_section fb_built=&#8221;1&#8243; admin_label=&#8221;section&#8221; _builder_version=&#8221;4.16&#8243; width=&#8221;100%&#8221; custom_padding=&#8221;|||0px||&#8221; da_disable_devices=&#8221;off|off|off&#8221; global_colors_info=&#8221;{}&#8221; theme_builder_area=&#8221;post_content&#8221; da_is_popup=&#8221;off&#8221; da_exit_intent=&#8221;off&#8221; da_has_close=&#8221;on&#8221; da_alt_close=&#8221;off&#8221; da_dark_close=&#8221;off&#8221; da_not_modal=&#8221;on&#8221; da_is_singular=&#8221;off&#8221; da_with_loader=&#8221;off&#8221; da_has_shadow=&#8221;on&#8221;][et_pb_row admin_label=&#8221;row&#8221; _builder_version=&#8221;4.20.2&#8243; background_size=&#8221;initial&#8221; background_position=&#8221;top_left&#8221; background_repeat=&#8221;repeat&#8221; global_colors_info=&#8221;{}&#8221; theme_builder_area=&#8221;post_content&#8221;][et_pb_column type=&#8221;4_4&#8243; _builder_version=&#8221;4.16&#8243; custom_padding=&#8221;|||&#8221; global_colors_info=&#8221;{}&#8221; custom_padding__hover=&#8221;|||&#8221; theme_builder_area=&#8221;post_content&#8221;][et_pb_slider show_arrows=&#8221;off&#8221; show_pagination=&#8221;off&#8221; use_bg_overlay=&#8221;off&#8221; use_text_overlay=&#8221;off&#8221; _builder_version=&#8221;4.20.2&#8243; _module_preset=&#8221;default&#8221; header_text_color=&#8221;#000000&#8243; header_font_size=&#8221;35px&#8221; background_color=&#8221;#DDCBA8&#8243; custom_padding=&#8221;42px||35px|||&#8221; auto=&#8221;on&#8221; auto_speed=&#8221;5000&#8243; global_colors_info=&#8221;{}&#8221; theme_builder_area=&#8221;post_content&#8221;][et_pb_slide heading=&#8221;\u03a0\u03b5\u03c1\u03b9\u03c6\u03b5\u03c1\u03b5\u03b9\u03b1\u03ba\u03ad\u03c2 \u03ba\u03b1\u03b9 \u03c4\u03bf\u03c0\u03b9\u03ba\u03ad\u03c2 \u03b1\u03c1\u03c7\u03ad\u03c2&#8221; _builder_version=&#8221;4.20.2&#8243; _module_preset=&#8221;default&#8221; header_font_size=&#8221;31px&#8221; global_colors_info=&#8221;{}&#8221; sticky_transition=&#8221;on&#8221; theme_builder_area=&#8221;post_content&#8221;][\/et_pb_slide][\/et_pb_slider][et_pb_text _builder_version=&#8221;4.20.2&#8243; _module_preset=&#8221;default&#8221; text_font=&#8221;||||||||&#8221; text_font_size=&#8221;18px&#8221; global_colors_info=&#8221;{}&#8221; theme_builder_area=&#8221;post_content&#8221;]<\/p>\n<p>\u0397 \u03ba\u03b1\u03c4\u03b7\u03b3\u03bf\u03c1\u03b9\u03bf\u03c0\u03bf\u03af\u03b7\u03c3\u03b7 \u03c4\u03c9\u03bd \u03c0\u03b5\u03c1\u03b9\u03c6\u03b5\u03c1\u03b5\u03b9\u03b1\u03ba\u03ce\u03bd \u03ba\u03b1\u03b9 \u03c4\u03bf\u03c0\u03b9\u03ba\u03ce\u03bd \u03b1\u03c1\u03c7\u03ce\u03bd \u03b1\u03bd\u03ac\u03bc\u03b5\u03c3\u03b1 \u03c3\u03c4\u03b9\u03c2 \u03bf\u03bc\u03ac\u03b4\u03b5\u03c2 \u03c3\u03c5\u03bc\u03c6\u03b5\u03c1\u03cc\u03bd\u03c4\u03c9\u03bd \u03c0\u03b1\u03c1\u03bf\u03c5\u03c3\u03b9\u03ac\u03b6\u03b5\u03b9 \u03bc\u03b9\u03b1 \u03b2\u03b1\u03c3\u03b9\u03ba\u03ae \u03b8\u03b5\u03c9\u03c1\u03b7\u03c4\u03b9\u03ba\u03ae \u03b4\u03c5\u03c3\u03ba\u03bf\u03bb\u03af\u03b1. \u03a0\u03c1\u03cc\u03ba\u03b5\u03b9\u03c4\u03b1\u03b9 \u03b3\u03b9\u03b1 \u03c4\u03bc\u03ae\u03bc\u03b1\u03c4\u03b1 \u03c4\u03b7\u03c2 \u03ba\u03c1\u03b1\u03c4\u03b9\u03ba\u03ae\u03c2 \u03bc\u03b7\u03c7\u03b1\u03bd\u03ae\u03c2 \u03c4\u03c9\u03bd \u03c7\u03c9\u03c1\u03ce\u03bd \u03c0\u03bf\u03c5 \u03b1\u03c0\u03bf\u03c4\u03b5\u03bb\u03bf\u03cd\u03bd \u03c4\u03b7\u03bd \u0395\u0395 \u03ba\u03b1\u03b9 \u03ac\u03c1\u03b1 \u03cc\u03c7\u03b9 \u03b3\u03b9\u03b1 \u03bc\u03b7 \u03ba\u03c5\u03b2\u03b5\u03c1\u03bd\u03b7\u03c4\u03b9\u03ba\u03ac \u03c3\u03c5\u03bc\u03c6\u03ad\u03c1\u03bf\u03bd\u03c4\u03b1. \u03a9\u03c3\u03c4\u03cc\u03c3\u03bf, \u03c4\u03cc\u03c3\u03bf \u03bf\u03b9 \u03b1\u03c1\u03c7\u03ad\u03c2 \u03c4\u03b7\u03c2 \u0395\u0395 \u03cc\u03c3\u03bf \u03ba\u03b1\u03b9 \u03bf\u03b9 \u03b5\u03c1\u03b5\u03c5\u03bd\u03b7\u03c4\u03ad\u03c2 \u03c4\u03bf\u03c5 \u03bb\u03cc\u03bc\u03c0\u03b9\u03bd\u03b3\u03ba \u03c3\u03b5 \u03b5\u03c0\u03af\u03c0\u03b5\u03b4\u03bf \u0395\u0395<a href=\"#_ftn1\" name=\"_ftnref1\"><span>[1]<\/span><\/a> \u03c4\u03b9\u03c2 \u03bc\u03b5\u03c4\u03c1\u03bf\u03cd\u03bd \u03c3\u03c4\u03b1 \u03bb\u03cc\u03bc\u03c0\u03b9, \u03ba\u03b1\u03b8\u03cc\u03c4\u03b9 \u03bf\u03b9 \u03b4\u03c1\u03b1\u03c3\u03c4\u03b7\u03c1\u03b9\u03cc\u03c4\u03b7\u03c4\u03b5\u03c2 \u03c0\u03bf\u03c5 \u03b4\u03b7\u03bb\u03ce\u03bd\u03bf\u03c5\u03bd \u03c3\u03c4\u03bf \u039c\u03b7\u03c4\u03c1\u03ce\u03bf \u0394\u03b9\u03b1\u03c6\u03ac\u03bd\u03b5\u03b9\u03b1\u03c2 \u03b5\u03af\u03bd\u03b1\u03b9 \u03c0\u03b1\u03bd\u03bf\u03bc\u03bf\u03b9\u03cc\u03c4\u03c5\u03c0\u03b5\u03c2 \u03bc\u03b5 \u03b1\u03c5\u03c4\u03ad\u03c2 \u03c4\u03c9\u03bd \u03c5\u03c0\u03bf\u03bb\u03bf\u03af\u03c0\u03c9\u03bd \u03ba\u03b1\u03c4\u03b7\u03b3\u03bf\u03c1\u03b9\u03ce\u03bd \u03c0\u03bf\u03c5 \u03b5\u03af\u03b4\u03b1\u03bc\u03b5 \u03c0\u03b1\u03c1\u03b1\u03c0\u03ac\u03bd\u03c9 : \u03c3\u03c4\u03cc\u03c7\u03bf\u03c2 \u03c4\u03bf\u03c5\u03c2 \u03b5\u03af\u03bd\u03b1\u03b9 \u03bd\u03b1 \u03c0\u03b5\u03af\u03c3\u03bf\u03c5\u03bd \u03c4\u03bf\u03c5\u03c2 \u03b8\u03b5\u03c3\u03bc\u03bf\u03cd\u03c2 \u03c4\u03b7\u03c2 \u0395\u0395 \u03bd\u03b1 \u03bb\u03b1\u03bc\u03b2\u03ac\u03bd\u03bf\u03c5\u03bd \u03c5\u03c0\u03cc\u03c8\u03b7 \u03c4\u03bf\u03c5\u03c2 \u03cc\u03c3\u03bf \u03c0\u03b5\u03c1\u03b9\u03c3\u03c3\u03cc\u03c4\u03b5\u03c1\u03bf \u03b3\u03af\u03bd\u03b5\u03c4\u03b1\u03b9 \u03c4\u03b9\u03c2 \u03c0\u03c1\u03bf\u03c4\u03b5\u03c1\u03b1\u03b9\u03cc\u03c4\u03b7\u03c4\u03ad\u03c2 \u03c4\u03bf\u03c5\u03c2 \u03c3\u03c4\u03bf \u03c3\u03c7\u03b5\u03b4\u03b9\u03b1\u03c3\u03bc\u03cc \u03c4\u03b7\u03c2 \u03bd\u03bf\u03bc\u03bf\u03b8\u03b5\u03c3\u03af\u03b1\u03c2 \u03ba\u03b1\u03b9 \u03c4\u03c9\u03bd \u03b4\u03b7\u03bc\u03cc\u03c3\u03b9\u03c9\u03bd \u03c0\u03bf\u03bb\u03b9\u03c4\u03b9\u03ba\u03ce\u03bd.<\/p>\n<p>\u0395\u03b9\u03b4\u03b9\u03ba\u03cc\u03c4\u03b5\u03c1\u03b1, \u03bf\u03b9 \u03c0\u03b5\u03c1\u03b9\u03c6\u03b5\u03c1\u03b5\u03b9\u03b1\u03ba\u03ad\u03c2 \u03ba\u03b1\u03b9 \u03c4\u03bf\u03c0\u03b9\u03ba\u03ad\u03c2 \u03b1\u03c1\u03c7\u03ad\u03c2 \u03c3\u03c4\u03bf\u03c7\u03b5\u03cd\u03bf\u03c5\u03bd \u03c4\u03b7 \u0393\u03b5\u03bd\u03b9\u03ba\u03ae \u0394\u03b9\u03b5\u03cd\u03b8\u03c5\u03bd\u03c3\u03b7 REGIO \u03c4\u03b7\u03c2 \u0395\u03c0\u03b9\u03c4\u03c1\u03bf\u03c0\u03ae\u03c2 \u03c0\u03bf\u03c5 \u03c3\u03c7\u03b5\u03b4\u03b9\u03ac\u03b6\u03b5\u03b9 \u03ba\u03b9 \u03b5\u03ba\u03c4\u03b5\u03bb\u03b5\u03af \u03c4\u03b9\u03c2 \u03c7\u03c1\u03b7\u03bc\u03b1\u03c4\u03bf\u03b4\u03bf\u03c4\u03ae\u03c3\u03b5\u03b9\u03c2 \u03c4\u03c9\u03bd \u03c4\u03b1\u03bc\u03b5\u03af\u03c9\u03bd \u03c3\u03c5\u03bd\u03bf\u03c7\u03ae\u03c2 \u03ba\u03b1\u03b9 \u03b4\u03b5\u03c5\u03c4\u03b5\u03c1\u03b5\u03c5\u03cc\u03bd\u03c4\u03c9\u03c2 \u03c4\u03b7\u03bd \u03b5\u03c0\u03b9\u03c4\u03c1\u03bf\u03c0\u03ae REGI \u03c4\u03bf\u03c5 \u0395\u03c5\u03c1\u03c9\u03c0\u03b1\u03ca\u03ba\u03bf\u03cd \u039a\u03bf\u03b9\u03bd\u03bf\u03b2\u03bf\u03c5\u03bb\u03af\u03bf\u03c5, \u03c4\u03bf \u03bf\u03c0\u03bf\u03af\u03bf \u03c3\u03c5\u03bd\u03b1\u03c0\u03bf\u03c6\u03b1\u03c3\u03af\u03b6\u03b5\u03b9 \u03c3\u03b5 \u03c3\u03b7\u03bc\u03b1\u03bd\u03c4\u03b9\u03ba\u03cc \u03b2\u03b1\u03b8\u03bc\u03cc \u03c4\u03bf\u03bd \u03c0\u03c1\u03bf\u03cb\u03c0\u03bf\u03bb\u03bf\u03b3\u03b9\u03c3\u03bc\u03cc \u03c4\u03b7\u03c2 \u0395\u0395.<\/p>\n<p>\u039a\u03b1\u03bc\u03af\u03b1 \u03b1\u03c0\u03cc \u03b1\u03c5\u03c4\u03ad\u03c2 \u03c4\u03b9\u03c2 \u03bf\u03c1\u03b3\u03b1\u03bd\u03ce\u03c3\u03b5\u03b9\u03c2 \u03b4\u03b5 \u03c3\u03c5\u03b3\u03ba\u03b1\u03c4\u03b1\u03bb\u03ad\u03b3\u03b5\u03c4\u03b1\u03b9 \u03c3\u03c4\u03b9\u03c2 30 \u03bc\u03b5\u03b3\u03b1\u03bb\u03cd\u03c4\u03b5\u03c1\u03b5\u03c2. \u03a0\u03b1\u03c1\u03b1\u03b8\u03ad\u03c4\u03bf\u03c5\u03bc\u03b5 \u03b5\u03b4\u03ce \u03cc\u03c3\u03b5\u03c2 \u03be\u03bf\u03b4\u03b5\u03cd\u03bf\u03c5\u03bd \u03c0\u03ac\u03bd\u03c9 \u03b1\u03c0\u03cc \u03ad\u03bd\u03b1 \u03b5\u03ba\u03b1\u03c4\u03bf\u03bc\u03bc\u03cd\u03c1\u03b9\u03bf \u03b5\u03c4\u03b7\u03c3\u03af\u03c9\u03c2:<\/p>\n<p>&nbsp;<\/p>\n<table width=\"616\">\n<tbody>\n<tr>\n<td width=\"206\">\n<p>\u0388\u03bd\u03c9\u03c3\u03b7 \u03c0\u03b5\u03c1\u03b9\u03c6\u03b5\u03c1\u03b5\u03b9\u03b1\u03ba\u03ce\u03bd \u03ae\/\u03ba\u03b1\u03b9 \u03c4\u03bf\u03c0\u03b9\u03ba\u03ce\u03bd \u03b1\u03c1\u03c7\u03ce\u03bd\u00a0<\/p>\n<\/td>\n<td width=\"98\">\n<p>\u0395\u03c4\u03ae\u03c3\u03b9\u03b1 \u03ad\u03be\u03bf\u03b4\u03b1 \u03bb\u03cc\u03bc\u03c0\u03b9\u03bd\u03b3\u03ba (\u03b5\u03ba. \u20ac)<\/p>\n<\/td>\n<td width=\"77\">\n<p>\u039b\u03bf\u03bc\u03c0\u03af\u03c3\u03c4\u03b5\u03c2<\/p>\n<\/td>\n<td width=\"67\">\n<p>\u039a\u03ac\u03c1\u03c4\u03b5\u03c2 \u03b5\u03b9\u03c3\u03cc\u03b4\u03bf\u03c5 \u0395\u039a<\/p>\n<\/td>\n<td width=\"89\">\n<p>\u03a3\u03c5\u03bd\u03b1\u03bd\u03c4\u03ae\u03c3\u03b5\u03b9\u03c2 \u03bc\u03b5 \u0395\u03c0\u03b9\u03c4\u03c1\u03bf\u03c0\u03ae 2014-2024<\/p>\n<\/td>\n<td width=\"80\">\n<p>M\u03ad\u03bb\u03bf\u03c2 \u03c3\u03b5 expert groups<\/p>\n<\/td>\n<\/tr>\n<tr>\n<td width=\"206\">\n<p><strong>1.\u00a0\u00a0\u00a0\u00a0\u00a0\u00a0 <\/strong><strong>CCRE<a href=\"#_ftn2\" name=\"_ftnref2\"><span>[2]<\/span><\/a><\/strong><\/p>\n<\/td>\n<td width=\"98\">\n<p>2, 1<\/p>\n<\/td>\n<td width=\"77\">\n<p>13<\/p>\n<\/td>\n<td width=\"67\">\n<p>13<\/p>\n<\/td>\n<td width=\"89\">\n<p>17<\/p>\n<\/td>\n<td width=\"80\">\n<p>3<\/p>\n<\/td>\n<\/tr>\n<tr>\n<td width=\"206\">\n<p><strong>2.\u00a0\u00a0\u00a0\u00a0\u00a0\u00a0 <\/strong><strong>CRPM<a href=\"#_ftn3\" name=\"_ftnref3\"><span>[3]<\/span><\/a><\/strong><\/p>\n<\/td>\n<td width=\"98\">\n<p>1,0<\/p>\n<\/td>\n<td width=\"77\">\n<p>14<\/p>\n<\/td>\n<td width=\"67\">\n<p>12<\/p>\n<\/td>\n<td width=\"89\">\n<p>27<\/p>\n<\/td>\n<td width=\"80\">\n<p>5<\/p>\n<\/td>\n<\/tr>\n<tr>\n<td width=\"206\">\n<p><strong>3.\u00a0\u00a0\u00a0\u00a0\u00a0\u00a0 <\/strong><strong>Association of Cities and Regions for sustainable Resource management<a href=\"#_ftn4\" name=\"_ftnref4\"><span>[4]<\/span><\/a><\/strong><\/p>\n<\/td>\n<td width=\"98\">\n<p>\u00a0\u00a0\u00a0\u00a0\u00a0\u00a0\u00a0\u00a0\u00a0\u00a0\u00a0\u00a0\u00a0\u00a0\u00a0\u00a0\u00a0\u00a0\u00a0\u00a0\u00a0\u00a0\u00a0\u00a0\u00a0\u00a0\u00a0\u00a0\u00a0\u00a0 1,0<\/p>\n<\/td>\n<td width=\"77\">\n<p>15<\/p>\n<\/td>\n<td width=\"67\">\n<p>2<\/p>\n<\/td>\n<td width=\"89\">\n<p>2<\/p>\n<\/td>\n<td width=\"80\">\n<p>1<\/p>\n<\/td>\n<\/tr>\n<tr>\n<td width=\"206\">\n<p><strong>4.\u00a0\u00a0\u00a0\u00a0\u00a0\u00a0 <\/strong><strong>Eurocities<a href=\"#_ftn5\" name=\"_ftnref5\"><span>[5]<\/span><\/a><\/strong><\/p>\n<\/td>\n<td width=\"98\">\n<p>1,0<\/p>\n<\/td>\n<td width=\"77\">\n<p>20<\/p>\n<\/td>\n<td width=\"67\">\n<p>7<\/p>\n<\/td>\n<td width=\"89\">\n<p>64<\/p>\n<\/td>\n<td width=\"80\">\n<p>16<\/p>\n<\/td>\n<\/tr>\n<\/tbody>\n<\/table>\n<p>&nbsp;<\/p>\n<p>&nbsp;<\/p>\n<p>&nbsp;<\/p>\n<p><a href=\"#_ftnref1\" name=\"_ftn1\"><span>[1]<\/span><\/a> <span>Justin Greenwood, Interest Representation In the European Union. 3rd ed. Houndmills, Basingstoke, Hampshire: Palgrave Macmillan, 2011<\/span><\/p>\n<p><a href=\"#_ftnref2\" name=\"_ftn2\"><span>[2]<\/span><\/a> <span>Conseil des Communes et Regions d\u2019Europe (<\/span>\u03a3\u03c5\u03bc\u03b2\u03bf\u03cd\u03bb\u03b9\u03bf \u0394\u03ae\u03bc\u03c9\u03bd \u03ba\u03b1\u03b9 \u03a0\u03b5\u03c1\u03b9\u03c6\u03b5\u03c1\u03b5\u03b9\u03ce\u03bd \u03c4\u03b7\u03c2 \u0395\u03c5\u03c1\u03ce\u03c0\u03b7\u03c2)<\/p>\n<p><a href=\"#_ftnref3\" name=\"_ftn3\"><span>[3]<\/span><\/a> Conf\u00e9rence des R\u00e9gions P\u00e9riph\u00e9riques Maritimes d&#8217;Europe (\u03a3\u03c5\u03bc\u03b2\u03bf\u03cd\u03bb\u03b9\u03bf \u03c0\u03b1\u03c1\u03b1\u03b8\u03b1\u03bb\u03ac\u03c3\u03c3\u03b9\u03c9\u03bd \u03c0\u03b5\u03c1\u03b9\u03c6\u03b5\u03c1\u03b5\u03b9\u03ce\u03bd \u03c4\u03b7\u03c2 \u0395\u03c5\u03c1\u03ce\u03c0\u03b7\u03c2)<\/p>\n<p><a href=\"#_ftnref4\" name=\"_ftn4\"><span>[4]<\/span><\/a> \u0388\u03bd\u03c9\u03c3\u03b7 \u03c0\u03cc\u03bb\u03b5\u03c9\u03bd \u03ba\u03b1\u03b9 \u03c0\u03b5\u03c1\u03b9\u03c6\u03b5\u03c1\u03b5\u03b9\u03ce\u03bd \u03b3\u03b9\u03b1 \u03c4\u03b7 \u03b2\u03b9\u03ce\u03c3\u03b9\u03bc\u03b7 \u03b4\u03b9\u03b1\u03c7\u03b5\u03af\u03c1\u03b9\u03c3\u03b7 \u03c4\u03c9\u03bd \u03c0\u03cc\u03c1\u03c9\u03bd<\/p>\n<p><a href=\"#_ftnref5\" name=\"_ftn5\"><span>[5]<\/span><\/a> \u0394\u03af\u03ba\u03c4\u03c5\u03bf \u03c4\u03c9\u03bd \u03bc\u03b5\u03b3\u03b1\u03bb\u03cd\u03c4\u03b5\u03c1\u03c9\u03bd \u03c0\u03cc\u03bb\u03b5\u03c9\u03bd \u03c4\u03b7\u03c2 \u0395\u0395<\/p>\n<p>[\/et_pb_text][\/et_pb_column][\/et_pb_row][\/et_pb_section]<\/p>\n","protected":false},"excerpt":{"rendered":"<p>\u0397 \u03ba\u03b1\u03c4\u03b7\u03b3\u03bf\u03c1\u03b9\u03bf\u03c0\u03bf\u03af\u03b7\u03c3\u03b7 \u03c4\u03c9\u03bd \u03c0\u03b5\u03c1\u03b9\u03c6\u03b5\u03c1\u03b5\u03b9\u03b1\u03ba\u03ce\u03bd \u03ba\u03b1\u03b9 \u03c4\u03bf\u03c0\u03b9\u03ba\u03ce\u03bd \u03b1\u03c1\u03c7\u03ce\u03bd \u03b1\u03bd\u03ac\u03bc\u03b5\u03c3\u03b1 \u03c3\u03c4\u03b9\u03c2 \u03bf\u03bc\u03ac\u03b4\u03b5\u03c2 \u03c3\u03c5\u03bc\u03c6\u03b5\u03c1\u03cc\u03bd\u03c4\u03c9\u03bd \u03c0\u03b1\u03c1\u03bf\u03c5\u03c3\u03b9\u03ac\u03b6\u03b5\u03b9 \u03bc\u03b9\u03b1 \u03b2\u03b1\u03c3\u03b9\u03ba\u03ae \u03b8\u03b5\u03c9\u03c1\u03b7\u03c4\u03b9\u03ba\u03ae \u03b4\u03c5\u03c3\u03ba\u03bf\u03bb\u03af\u03b1. \u03a0\u03c1\u03cc\u03ba\u03b5\u03b9\u03c4\u03b1\u03b9 \u03b3\u03b9\u03b1 \u03c4\u03bc\u03ae\u03bc\u03b1\u03c4\u03b1 \u03c4\u03b7\u03c2 \u03ba\u03c1\u03b1\u03c4\u03b9\u03ba\u03ae\u03c2 \u03bc\u03b7\u03c7\u03b1\u03bd\u03ae\u03c2 \u03c4\u03c9\u03bd \u03c7\u03c9\u03c1\u03ce\u03bd \u03c0\u03bf\u03c5 \u03b1\u03c0\u03bf\u03c4\u03b5\u03bb\u03bf\u03cd\u03bd \u03c4\u03b7\u03bd \u0395\u0395 \u03ba\u03b1\u03b9 \u03ac\u03c1\u03b1 \u03cc\u03c7\u03b9 \u03b3\u03b9\u03b1 \u03bc\u03b7 \u03ba\u03c5\u03b2\u03b5\u03c1\u03bd\u03b7\u03c4\u03b9\u03ba\u03ac \u03c3\u03c5\u03bc\u03c6\u03ad\u03c1\u03bf\u03bd\u03c4\u03b1. \u03a9\u03c3\u03c4\u03cc\u03c3\u03bf, \u03c4\u03cc\u03c3\u03bf \u03bf\u03b9 \u03b1\u03c1\u03c7\u03ad\u03c2 \u03c4\u03b7\u03c2 \u0395\u0395 \u03cc\u03c3\u03bf \u03ba\u03b1\u03b9 \u03bf\u03b9 \u03b5\u03c1\u03b5\u03c5\u03bd\u03b7\u03c4\u03ad\u03c2 \u03c4\u03bf\u03c5 \u03bb\u03cc\u03bc\u03c0\u03b9\u03bd\u03b3\u03ba \u03c3\u03b5 \u03b5\u03c0\u03af\u03c0\u03b5\u03b4\u03bf \u0395\u0395[1] \u03c4\u03b9\u03c2 \u03bc\u03b5\u03c4\u03c1\u03bf\u03cd\u03bd \u03c3\u03c4\u03b1 \u03bb\u03cc\u03bc\u03c0\u03b9, \u03ba\u03b1\u03b8\u03cc\u03c4\u03b9 [&hellip;]<\/p>\n","protected":false},"author":1,"featured_media":0,"parent":0,"menu_order":0,"comment_status":"closed","ping_status":"closed","template":"","meta":{"_et_pb_use_builder":"on","_et_pb_old_content":"","_et_gb_content_width":"","footnotes":""},"categories":[],"tags":[],"class_list":["post-436","page","type-page","status-publish","hentry"],"_links":{"self":[{"href":"https:\/\/lobbyingeu.kopenaccess.gr\/index.php\/wp-json\/wp\/v2\/pages\/436","targetHints":{"allow":["GET"]}}],"collection":[{"href":"https:\/\/lobbyingeu.kopenaccess.gr\/index.php\/wp-json\/wp\/v2\/pages"}],"about":[{"href":"https:\/\/lobbyingeu.kopenaccess.gr\/index.php\/wp-json\/wp\/v2\/types\/page"}],"author":[{"embeddable":true,"href":"https:\/\/lobbyingeu.kopenaccess.gr\/index.php\/wp-json\/wp\/v2\/users\/1"}],"replies":[{"embeddable":true,"href":"https:\/\/lobbyingeu.kopenaccess.gr\/index.php\/wp-json\/wp\/v2\/comments?post=436"}],"version-history":[{"count":2,"href":"https:\/\/lobbyingeu.kopenaccess.gr\/index.php\/wp-json\/wp\/v2\/pages\/436\/revisions"}],"predecessor-version":[{"id":438,"href":"https:\/\/lobbyingeu.kopenaccess.gr\/index.php\/wp-json\/wp\/v2\/pages\/436\/revisions\/438"}],"wp:attachment":[{"href":"https:\/\/lobbyingeu.kopenaccess.gr\/index.php\/wp-json\/wp\/v2\/media?parent=436"}],"wp:term":[{"taxonomy":"category","embeddable":true,"href":"https:\/\/lobbyingeu.kopenaccess.gr\/index.php\/wp-json\/wp\/v2\/categories?post=436"},{"taxonomy":"post_tag","embeddable":true,"href":"https:\/\/lobbyingeu.kopenaccess.gr\/index.php\/wp-json\/wp\/v2\/tags?post=436"}],"curies":[{"name":"wp","href":"https:\/\/api.w.org\/{rel}","templated":true}]}}