{"id":1146,"date":"2025-12-01T13:35:35","date_gmt":"2025-12-01T10:35:35","guid":{"rendered":"https:\/\/lobbyingeu.kopenaccess.gr\/?page_id=1146"},"modified":"2026-01-22T22:28:46","modified_gmt":"2026-01-22T19:28:46","slug":"methodoi_aksiologisis_epirrois","status":"publish","type":"page","link":"https:\/\/lobbyingeu.kopenaccess.gr\/index.php\/methodoi_aksiologisis_epirrois\/","title":{"rendered":"\u039c\u03ad\u03b8\u03bf\u03b4\u03bf\u03b9 \u0391\u03be\u03b9\u03bf\u03bb\u03cc\u03b3\u03b7\u03c3\u03b7\u03c2 \u0395\u03c0\u03b9\u03c1\u03c1\u03bf\u03ae\u03c2 \u03bc\u03ad\u03c3\u03c9 \u03c4\u03bf\u03c5 \u039b\u03cc\u03bc\u03c0\u03b9\u03bd\u03b3\u03ba"},"content":{"rendered":"<p>[et_pb_section fb_built=&#8221;1&#8243; admin_label=&#8221;section&#8221; _builder_version=&#8221;4.16&#8243; width=&#8221;100%&#8221; custom_padding=&#8221;|||0px||&#8221; da_disable_devices=&#8221;off|off|off&#8221; global_colors_info=&#8221;{}&#8221; da_is_popup=&#8221;off&#8221; da_exit_intent=&#8221;off&#8221; da_has_close=&#8221;on&#8221; da_alt_close=&#8221;off&#8221; da_dark_close=&#8221;off&#8221; da_not_modal=&#8221;on&#8221; da_is_singular=&#8221;off&#8221; da_with_loader=&#8221;off&#8221; da_has_shadow=&#8221;on&#8221;][et_pb_row admin_label=&#8221;row&#8221; _builder_version=&#8221;4.20.2&#8243; background_size=&#8221;initial&#8221; background_position=&#8221;top_left&#8221; background_repeat=&#8221;repeat&#8221; global_colors_info=&#8221;{}&#8221;][et_pb_column type=&#8221;4_4&#8243; _builder_version=&#8221;4.16&#8243; custom_padding=&#8221;|||&#8221; global_colors_info=&#8221;{}&#8221; custom_padding__hover=&#8221;|||&#8221;][et_pb_slider show_arrows=&#8221;off&#8221; show_pagination=&#8221;off&#8221; use_bg_overlay=&#8221;off&#8221; use_text_overlay=&#8221;off&#8221; _builder_version=&#8221;4.20.2&#8243; _module_preset=&#8221;default&#8221; header_text_color=&#8221;#000000&#8243; header_font_size=&#8221;35px&#8221; background_color=&#8221;#DDCBA8&#8243; custom_padding=&#8221;42px||35px|||&#8221; auto=&#8221;on&#8221; auto_speed=&#8221;5000&#8243; global_colors_info=&#8221;{}&#8221;][et_pb_slide heading=&#8221;\u039c\u03ad\u03b8\u03bf\u03b4\u03bf\u03b9 \u0391\u03be\u03b9\u03bf\u03bb\u03cc\u03b3\u03b7\u03c3\u03b7\u03c2 \u03c4\u03b7\u03c2 \u0395\u03c0\u03b9\u03c1\u03c1\u03bf\u03ae\u03c2 \u03bc\u03ad\u03c3\u03c9 \u03c4\u03bf\u03c5 \u039b\u03cc\u03bc\u03c0\u03b9\u03bd\u03b3\u03ba \u03c3\u03c4\u03b7\u03bd \u0395.\u0395.&#8221; _builder_version=&#8221;4.20.2&#8243; _module_preset=&#8221;default&#8221; header_font_size=&#8221;31px&#8221; global_colors_info=&#8221;{}&#8221; sticky_transition=&#8221;on&#8221;][\/et_pb_slide][\/et_pb_slider][et_pb_text _builder_version=&#8221;4.20.2&#8243; _module_preset=&#8221;default&#8221; text_font=&#8221;||||||||&#8221; text_font_size=&#8221;18px&#8221; custom_padding=&#8221;||0px|||&#8221; global_colors_info=&#8221;{}&#8221;]<\/p>\n<p>\u0397 \u03ba\u03b1\u03c4\u03b1\u03bd\u03cc\u03b7\u03c3\u03b7 \u03c4\u03bf\u03c5 \u03c4\u03c1\u03cc\u03c0\u03bf\u03c5 \u03bc\u03b5 \u03c4\u03bf\u03bd \u03bf\u03c0\u03bf\u03af\u03bf \u03b1\u03c3\u03ba\u03b5\u03af\u03c4\u03b1\u03b9 \u03b5\u03c0\u03b9\u03c1\u03c1\u03bf\u03ae \u03c3\u03c4\u03b7 \u03b4\u03b9\u03b1\u03b4\u03b9\u03ba\u03b1\u03c3\u03af\u03b1 \u03b4\u03b9\u03b1\u03bc\u03cc\u03c1\u03c6\u03c9\u03c3\u03b7\u03c2 \u03c0\u03bf\u03bb\u03b9\u03c4\u03b9\u03ba\u03ce\u03bd \u03c4\u03b7\u03c2 \u0395\u03c5\u03c1\u03c9\u03c0\u03b1\u03ca\u03ba\u03ae\u03c2 \u0388\u03bd\u03c9\u03c3\u03b7\u03c2 \u03b1\u03c0\u03bf\u03c4\u03b5\u03bb\u03b5\u03af \u03ba\u03c1\u03af\u03c3\u03b9\u03bc\u03bf \u03b6\u03ae\u03c4\u03b7\u03bc\u03b1 \u03c4\u03cc\u03c3\u03bf \u03b3\u03b9\u03b1 \u03c4\u03b7\u03bd \u03b1\u03ba\u03b1\u03b4\u03b7\u03bc\u03b1\u03ca\u03ba\u03ae \u03ad\u03c1\u03b5\u03c5\u03bd\u03b1 \u03cc\u03c3\u03bf \u03ba\u03b1\u03b9 \u03b3\u03b9\u03b1 \u03c4\u03bf\u03c5\u03c2 \u03af\u03b4\u03b9\u03bf\u03c5\u03c2 \u03c4\u03bf\u03c5\u03c2 \u03b8\u03b5\u03c3\u03bc\u03bf\u03cd\u03c2. \u0397 \u03c0\u03bf\u03bb\u03c5\u03c0\u03bb\u03bf\u03ba\u03cc\u03c4\u03b7\u03c4\u03b1 \u03c4\u03b7\u03c2 \u03b5\u03c5\u03c1\u03c9\u03c0\u03b1\u03ca\u03ba\u03ae\u03c2 \u03bd\u03bf\u03bc\u03bf\u03b8\u03b5\u03c4\u03b9\u03ba\u03ae\u03c2 \u03b4\u03b9\u03b1\u03b4\u03b9\u03ba\u03b1\u03c3\u03af\u03b1\u03c2, \u03b7 \u03c4\u03b5\u03c7\u03bd\u03b9\u03ba\u03cc\u03c4\u03b7\u03c4\u03b1 \u03c4\u03c9\u03bd \u03c0\u03c1\u03bf\u03c4\u03ac\u03c3\u03b5\u03c9\u03bd \u03c0\u03bf\u03bb\u03b9\u03c4\u03b9\u03ba\u03ae\u03c2 \u03ba\u03b1\u03b9 \u03b7 \u03ba\u03c5\u03c1\u03af\u03b1\u03c1\u03c7\u03b7 \u03b8\u03ad\u03c3\u03b7 \u03c4\u03b7\u03c2 \u0395\u03c5\u03c1\u03c9\u03c0\u03b1\u03ca\u03ba\u03ae\u03c2 \u0395\u03c0\u03b9\u03c4\u03c1\u03bf\u03c0\u03ae\u03c2 \u03c3\u03c4\u03bf \u03c3\u03c4\u03ac\u03b4\u03b9\u03bf \u03c4\u03b7\u03c2 \u03c0\u03c1\u03c9\u03c4\u03bf\u03b2\u03bf\u03c5\u03bb\u03af\u03b1\u03c2 \u03b4\u03b7\u03bc\u03b9\u03bf\u03c5\u03c1\u03b3\u03bf\u03cd\u03bd \u03ad\u03bd\u03b1 \u03c0\u03b5\u03c1\u03b9\u03b2\u03ac\u03bb\u03bb\u03bf\u03bd \u03cc\u03c0\u03bf\u03c5 \u03b7 \u03c0\u03b1\u03c1\u03bf\u03c7\u03ae \u03c0\u03bb\u03b7\u03c1\u03bf\u03c6\u03bf\u03c1\u03b9\u03ce\u03bd \u03ba\u03b1\u03b9 \u03b7 \u03b4\u03c5\u03bd\u03b1\u03c4\u03cc\u03c4\u03b7\u03c4\u03b1 \u03c4\u03b5\u03c7\u03bd\u03b9\u03ba\u03ae\u03c2 \u03c4\u03b5\u03ba\u03bc\u03b7\u03c1\u03af\u03c9\u03c3\u03b7\u03c2 \u03c0\u03b1\u03af\u03b6\u03bf\u03c5\u03bd \u03ba\u03b1\u03b8\u03bf\u03c1\u03b9\u03c3\u03c4\u03b9\u03ba\u03cc \u03c1\u03cc\u03bb\u03bf.<\/p>\n<p>\u03a3\u03b5 \u03b1\u03c5\u03c4\u03cc \u03c4\u03bf \u03c0\u03bb\u03b1\u03af\u03c3\u03b9\u03bf, \u03ad\u03c7\u03bf\u03c5\u03bd \u03b1\u03bd\u03b1\u03c0\u03c4\u03c5\u03c7\u03b8\u03b5\u03af \u03b4\u03cd\u03bf \u03ba\u03cd\u03c1\u03b9\u03b5\u03c2 \u03bc\u03b5\u03b8\u03bf\u03b4\u03bf\u03bb\u03bf\u03b3\u03b9\u03ba\u03ad\u03c2 \u03c0\u03c1\u03bf\u03c3\u03b5\u03b3\u03b3\u03af\u03c3\u03b5\u03b9\u03c2 \u03b3\u03b9\u03b1 \u03c4\u03b7\u03bd \u03b1\u03c0\u03bf\u03c4\u03af\u03bc\u03b7\u03c3\u03b7 \u03c4\u03b7\u03c2 \u03b5\u03c0\u03b9\u03c1\u03c1\u03bf\u03ae\u03c2 \u03c4\u03c9\u03bd \u03bf\u03bc\u03ac\u03b4\u03c9\u03bd \u03c3\u03c5\u03bc\u03c6\u03b5\u03c1\u03cc\u03bd\u03c4\u03c9\u03bd:<\/p>\n<ol>\n<li>\u03a0\u03bf\u03c3\u03bf\u03c4\u03b9\u03ba\u03ad\u03c2 \u03bc\u03ad\u03b8\u03bf\u03b4\u03bf\u03b9, \u03bc\u03b5 \u03ba\u03c5\u03c1\u03b9\u03cc\u03c4\u03b5\u03c1\u03b7 \u03c4\u03b7\u03bd \u03c0\u03c1\u03bf\u03c3\u03ad\u03b3\u03b3\u03b9\u03c3\u03b7 \u03c4\u03b7\u03c2 Heike Kl\u00fcver (2013).<\/li>\n<li>\u03a0\u03bf\u03b9\u03bf\u03c4\u03b9\u03ba\u03ad\u03c2 \u03bc\u03ad\u03b8\u03bf\u03b4\u03bf\u03b9, \u03cc\u03c0\u03c9\u03c2 \u03b7 \u03b1\u03bd\u03ac\u03bb\u03c5\u03c3\u03b7 \u03bc\u03b5\u03c4\u03b1\u03c4\u03bf\u03c0\u03af\u03c3\u03b5\u03c9\u03bd \u03b8\u03ad\u03c3\u03b5\u03c9\u03bd (Vassalos, 2020).<\/li>\n<\/ol>\n<p>\u039a\u03ac\u03b8\u03b5 \u03c0\u03c1\u03bf\u03c3\u03ad\u03b3\u03b3\u03b9\u03c3\u03b7 \u03b5\u03be\u03b5\u03c4\u03ac\u03b6\u03b5\u03b9 \u03b4\u03b9\u03b1\u03c6\u03bf\u03c1\u03b5\u03c4\u03b9\u03ba\u03ad\u03c2 \u03b4\u03b9\u03b1\u03c3\u03c4\u03ac\u03c3\u03b5\u03b9\u03c2 \u03c4\u03b7\u03c2 \u03b5\u03c0\u03b9\u03c1\u03c1\u03bf\u03ae\u03c2 \u03ba\u03b1\u03b9 \u03bf\u03b4\u03b7\u03b3\u03b5\u03af \u03c3\u03b5 \u03b4\u03b9\u03b1\u03c6\u03bf\u03c1\u03b5\u03c4\u03b9\u03ba\u03ac \u03c3\u03c5\u03bc\u03c0\u03b5\u03c1\u03ac\u03c3\u03bc\u03b1\u03c4\u03b1. \u03a3\u03ba\u03bf\u03c0\u03cc\u03c2 \u03c4\u03b7\u03c2 \u03c0\u03b1\u03c1\u03bf\u03cd\u03c3\u03b1 \u03c3\u03cd\u03bd\u03c4\u03bf\u03bc\u03b7\u03c2 \u03c0\u03b1\u03c1\u03bf\u03c5\u03c3\u03af\u03b1\u03c3\u03b7\u03c2 \u03b5\u03af\u03bd\u03b1\u03b9 \u03bd\u03b1 \u03b4\u03ce\u03c3\u03b5\u03b9 \u03bc\u03b9\u03b1 \u03b9\u03b4\u03ad\u03b1 \u03c4\u03bf\u03c5 \u03c0\u03bf\u03b9\u03b1 \u03bc\u03c0\u03bf\u03c1\u03b5\u03af \u03bd\u03b1 \u03b5\u03af\u03bd\u03b1\u03b9 \u03c4\u03b1 \u03b5\u03c1\u03b3\u03b1\u03bb\u03b5\u03af\u03b1 \u03bc\u03ad\u03c4\u03c1\u03b7\u03c3\u03b7\u03c2 \u03c4\u03b7\u03c2 \u03b5\u03c0\u03b9\u03c1\u03c1\u03bf\u03ae\u03c2 \u03ba\u03b1\u03b9 \u03c0\u03ce\u03c2 \u03c3\u03c5\u03bd\u03b4\u03c5\u03ac\u03b6\u03bf\u03bd\u03c4\u03b1\u03b9 \u03bc\u03b5 \u03b5\u03bc\u03c0\u03b5\u03b9\u03c1\u03b9\u03ba\u03ac \u03c0\u03b1\u03c1\u03b1\u03b4\u03b5\u03af\u03b3\u03bc\u03b1\u03c4\u03b1.<\/p>\n<p><strong>\u0397 \u03c0\u03bf\u03c3\u03bf\u03c4\u03b9\u03ba\u03ae \u03c0\u03c1\u03bf\u03c3\u03ad\u03b3\u03b3\u03b9\u03c3\u03b7 <\/strong><\/p>\n<p>\u0397 Heike Kl\u00fcver<a href=\"#_ftn1\" name=\"_ftnref1\"><span>[1]<\/span><\/a> \u03c0\u03c1\u03bf\u03c4\u03b5\u03af\u03bd\u03b5\u03b9 \u03ad\u03bd\u03b1\u03bd \u03b5\u03bd\u03bd\u03bf\u03b9\u03bf\u03bb\u03bf\u03b3\u03b9\u03ba\u03cc \u03ba\u03b1\u03b9 \u03bc\u03b5\u03b8\u03bf\u03b4\u03bf\u03bb\u03bf\u03b3\u03b9\u03ba\u03cc \u03c4\u03c1\u03cc\u03c0\u03bf \u03bc\u03ad\u03c4\u03c1\u03b7\u03c3\u03b7\u03c2 \u03c4\u03b7\u03c2 \u03b5\u03c0\u03b9\u03c1\u03c1\u03bf\u03ae\u03c2 \u03c0\u03bf\u03c5 \u03b2\u03b1\u03c3\u03af\u03b6\u03b5\u03c4\u03b1\u03b9 \u03c3\u03b5 \u03b4\u03cd\u03bf \u03b2\u03b1\u03c3\u03b9\u03ba\u03bf\u03cd\u03c2 \u03ac\u03be\u03bf\u03bd\u03b5\u03c2:<\/p>\n<p><strong>\u03b1) <\/strong><strong>Wordfish<\/strong><strong>: \u03a7\u03b1\u03c1\u03c4\u03bf\u03b3\u03c1\u03ac\u03c6\u03b7\u03c3\u03b7 \u03b8\u03ad\u03c3\u03b5\u03c9\u03bd \u03bc\u03ad\u03c3\u03c9 \u03b1\u03bd\u03ac\u03bb\u03c5\u03c3\u03b7\u03c2 \u03ba\u03b5\u03b9\u03bc\u03ad\u03bd\u03bf\u03c5<\/strong><\/p>\n<p>\u0397 \u03bc\u03ad\u03b8\u03bf\u03b4\u03bf\u03c2 wordfish \u03c0\u03bf\u03c3\u03bf\u03c4\u03b9\u03ba\u03bf\u03c0\u03bf\u03b9\u03b5\u03af \u03c4\u03b9\u03c2 \u03b8\u03ad\u03c3\u03b5\u03b9\u03c2 \u03b4\u03b9\u03b1\u03c6\u03bf\u03c1\u03b5\u03c4\u03b9\u03ba\u03ce\u03bd \u03c6\u03bf\u03c1\u03ad\u03c9\u03bd (\u03b5\u03c4\u03b1\u03b9\u03c1\u03b5\u03b9\u03ce\u03bd, \u03b5\u03bd\u03ce\u03c3\u03b5\u03c9\u03bd, \u03b8\u03b5\u03c3\u03bc\u03ce\u03bd) \u03bc\u03b5 \u03b2\u03ac\u03c3\u03b7:<\/p>\n<ul>\n<li>\u03c4\u03b7 \u03c3\u03c5\u03c7\u03bd\u03cc\u03c4\u03b7\u03c4\u03b1 \u03c3\u03c5\u03b3\u03ba\u03b5\u03ba\u03c1\u03b9\u03bc\u03ad\u03bd\u03c9\u03bd \u03bb\u03ad\u03be\u03b5\u03c9\u03bd \u03c3\u03c4\u03b1 \u03ba\u03b5\u03af\u03bc\u03b5\u03bd\u03b1 \u03b4\u03b9\u03b1\u03b2\u03bf\u03c5\u03bb\u03b5\u03cd\u03c3\u03b5\u03c9\u03bd,<\/li>\n<li>\u03c4\u03b7\u03bd \u03b1\u03c0\u03cc\u03c3\u03c4\u03b1\u03c3\u03b7 \u03b1\u03bd\u03ac\u03bc\u03b5\u03c3\u03b1 \u03c3\u03c4\u03b9\u03c2 \u03b8\u03ad\u03c3\u03b5\u03b9\u03c2 \u03c4\u03c9\u03bd \u03b4\u03c1\u03ce\u03bd\u03c4\u03c9\u03bd \u03c3\u03b5 \u03c3\u03c7\u03ad\u03c3\u03b7 \u03bc\u03b5 \u03c4\u03b9\u03c2 \u03b8\u03ad\u03c3\u03b5\u03b9\u03c2 \u03c4\u03c9\u03bd \u03b8\u03b5\u03c3\u03bc\u03ce\u03bd,<\/li>\n<li>\u03c4\u03b9\u03c2 \u03bc\u03b5\u03c4\u03b1\u03b2\u03bf\u03bb\u03ad\u03c2 \u03c3\u03c4\u03b9\u03c2 \u03b8\u03ad\u03c3\u03b5\u03b9\u03c2 \u03c4\u03c9\u03bd \u03b8\u03b5\u03c3\u03bc\u03ce\u03bd \u03bc\u03b5\u03c4\u03ac \u03c4\u03b7 \u03b4\u03b9\u03b1\u03b2\u03bf\u03cd\u03bb\u03b5\u03c5\u03c3\u03b7.<\/li>\n<\/ul>\n<p>\u0397 Kl\u00fcver \u03c7\u03c1\u03b7\u03c3\u03b9\u03bc\u03bf\u03c0\u03bf\u03b9\u03b5\u03af \u03bb\u03ad\u03be\u03b5\u03b9\u03c2-\u03ba\u03bb\u03b5\u03b9\u03b4\u03b9\u03ac (keywords) \u03b3\u03b9\u03b1 \u03bd\u03b1 \u03c0\u03c1\u03bf\u03c3\u03b4\u03b9\u03bf\u03c1\u03af\u03c3\u03b5\u03b9 \u03c4\u03b7 \u03b8\u03ad\u03c3\u03b7 \u03ba\u03ac\u03b8\u03b5 \u03b4\u03c1\u03ce\u03bd\u03c4\u03b1 \u03ba\u03b1\u03b9 \u03c3\u03c4\u03b7 \u03c3\u03c5\u03bd\u03ad\u03c7\u03b5\u03b9\u03b1 \u03c5\u03c0\u03bf\u03bb\u03bf\u03b3\u03af\u03b6\u03b5\u03b9 \u03b1\u03bd \u03ba\u03b1\u03b9 \u03ba\u03b1\u03c4\u03ac \u03c0\u03cc\u03c3\u03bf \u03bf\u03b9 \u03b8\u03ad\u03c3\u03b5\u03b9\u03c2 \u03c4\u03c9\u03bd \u03b8\u03b5\u03c3\u03bc\u03ce\u03bd \u03bc\u03b5\u03c4\u03b1\u03c4\u03bf\u03c0\u03af\u03c3\u03c4\u03b7\u03ba\u03b1\u03bd \u03c0\u03c1\u03bf\u03c2 \u03c4\u03b9\u03c2 \u03b8\u03ad\u03c3\u03b5\u03b9\u03c2 \u03b1\u03c5\u03c4\u03ce\u03bd \u03c4\u03c9\u03bd \u03bf\u03c1\u03b3\u03b1\u03bd\u03ce\u03c3\u03b5\u03c9\u03bd.<\/p>\n<p>.<\/p>\n<p><strong>\u03b2) <\/strong><strong>Information<\/strong> <strong>supply<\/strong><strong>: \u039f \u03c1\u03cc\u03bb\u03bf\u03c2 \u03c4\u03b7\u03c2 \u03c0\u03b1\u03c1\u03bf\u03c7\u03ae\u03c2 \u03c0\u03bb\u03b7\u03c1\u03bf\u03c6\u03bf\u03c1\u03b9\u03ce\u03bd<\/strong><\/p>\n<p>\u0397 Kl\u00fcver \u03c5\u03c0\u03bf\u03c3\u03c4\u03b7\u03c1\u03af\u03b6\u03b5\u03b9 \u03cc\u03c4\u03b9 \u03b7 \u03b5\u03c0\u03b9\u03c1\u03c1\u03bf\u03ae \u03b5\u03bd\u03cc\u03c2 \u03c6\u03bf\u03c1\u03ad\u03b1 \u03b5\u03af\u03bd\u03b1\u03b9 \u03c3\u03c5\u03bd\u03ac\u03c1\u03c4\u03b7\u03c3\u03b7 \u03c4\u03bf\u03c5 \u03cc\u03b3\u03ba\u03bf\u03c5 \u03ba\u03b1\u03b9 \u03c4\u03b7\u03c2 \u03c0\u03bf\u03b9\u03cc\u03c4\u03b7\u03c4\u03b1\u03c2 \u03c4\u03c9\u03bd \u03c0\u03bb\u03b7\u03c1\u03bf\u03c6\u03bf\u03c1\u03b9\u03ce\u03bd \u03c0\u03bf\u03c5 \u03c0\u03b1\u03c1\u03ad\u03c7\u03b5\u03b9 \u03c3\u03c4\u03b1 \u03b8\u03b5\u03c3\u03bc\u03b9\u03ba\u03ac \u03cc\u03c1\u03b3\u03b1\u03bd\u03b1 \u03ba\u03b1\u03c4\u03ac \u03c4\u03bf \u03c3\u03c4\u03ac\u03b4\u03b9\u03bf \u03c4\u03b7\u03c2 \u03b4\u03b9\u03b1\u03b2\u03bf\u03cd\u03bb\u03b5\u03c5\u03c3\u03b7\u03c2.<\/p>\n<p>\u039a\u03b1\u03c4\u03ac \u03c4\u03b7\u03bd \u03c0\u03c1\u03bf\u03c3\u03ad\u03b3\u03b3\u03b9\u03c3\u03ae \u03c4\u03b7\u03c2:<\/p>\n<ul>\n<li>\u03bf\u03b9 \u03c6\u03bf\u03c1\u03b5\u03af\u03c2 \u03c0\u03bf\u03c5 \u03b4\u03b9\u03b1\u03b8\u03ad\u03c4\u03bf\u03c5\u03bd \u03c0\u03b5\u03c1\u03b9\u03c3\u03c3\u03cc\u03c4\u03b5\u03c1\u03b1 \u03b4\u03b5\u03b4\u03bf\u03bc\u03ad\u03bd\u03b1 \u03ba\u03b1\u03b9 \u03c4\u03b5\u03c7\u03bd\u03b9\u03ba\u03ad\u03c2 \u03b1\u03bd\u03b1\u03bb\u03cd\u03c3\u03b5\u03b9\u03c2 \u03ad\u03c7\u03bf\u03c5\u03bd \u03bc\u03b5\u03b3\u03b1\u03bb\u03cd\u03c4\u03b5\u03c1\u03b7 \u03c0\u03b9\u03b8\u03b1\u03bd\u03cc\u03c4\u03b7\u03c4\u03b1 \u03bd\u03b1 \u03b5\u03c0\u03b7\u03c1\u03b5\u03ac\u03c3\u03bf\u03c5\u03bd,<\/li>\n<li>\u03c4\u03bf \u03b5\u03af\u03b4\u03bf\u03c2 \u03c4\u03bf\u03c5 \u03b4\u03c1\u03ce\u03bd\u03c4\u03b1 (\u03b5\u03c4\u03b1\u03b9\u03c1\u03b5\u03af\u03b1, \u03bf\u03bc\u03bf\u03c3\u03c0\u03bf\u03bd\u03b4\u03af\u03b1, \u039c\u039a\u039f) \u03b4\u03b5\u03bd \u03b5\u03c0\u03b7\u03c1\u03b5\u03ac\u03b6\u03b5\u03b9 \u03ac\u03bc\u03b5\u03c3\u03b1 \u03c4\u03b7\u03bd \u03c0\u03b9\u03b8\u03b1\u03bd\u03cc\u03c4\u03b7\u03c4\u03b1 \u03b5\u03c0\u03b9\u03c1\u03c1\u03bf\u03ae\u03c2.<\/li>\n<\/ul>\n<p>\u0397 Kl\u00fcver \u03b5\u03be\u03b5\u03c4\u03ac\u03b6\u03b5\u03b9 \u03c0\u03b5\u03c1\u03b9\u03c0\u03c4\u03ce\u03c3\u03b5\u03b9\u03c2 \u03cc\u03c0\u03c9\u03c2:<\/p>\n<ul>\n<li>\u03c4\u03b7 \u03c1\u03cd\u03b8\u03bc\u03b9\u03c3\u03b7 \u03b5\u03ba\u03c0\u03bf\u03bc\u03c0\u03ce\u03bd \u03b1\u03c0\u03cc \u03bf\u03c7\u03ae\u03bc\u03b1\u03c4\u03b1,<\/li>\n<li>\u03c4\u03b7\u03bd \u03b1\u03c0\u03cc\u03c3\u03c4\u03b1\u03c3\u03b7 \u03b8\u03ad\u03c3\u03b5\u03c9\u03bd \u03b5\u03c4\u03b1\u03b9\u03c1\u03b5\u03b9\u03ce\u03bd \u03ad\u03bd\u03b1\u03bd\u03c4\u03b9 \u03bf\u03bc\u03bf\u03c3\u03c0\u03bf\u03bd\u03b4\u03b9\u03ce\u03bd,<\/li>\n<li>\u03c4\u03b7 \u03bc\u03b5\u03c4\u03b1\u03c4\u03cc\u03c0\u03b9\u03c3\u03b7 \u03b8\u03ad\u03c3\u03b5\u03c9\u03bd \u03b8\u03b5\u03c3\u03bc\u03ce\u03bd \u03bb\u03cc\u03b3\u03c9 <em>input<\/em> \u03c3\u03c4\u03b7 \u03b4\u03b9\u03b1\u03b2\u03bf\u03cd\u03bb\u03b5\u03c5\u03c3\u03b7.<\/li>\n<\/ul>\n<p>\u039a\u03b1\u03c4\u03b1\u03bb\u03ae\u03b3\u03b5\u03b9 \u03c3\u03c4\u03bf \u03c3\u03c5\u03bc\u03c0\u03ad\u03c1\u03b1\u03c3\u03bc\u03b1 \u03cc\u03c4\u03b9 \u03b4\u03b5\u03bd \u03c5\u03c0\u03ac\u03c1\u03c7\u03b5\u03b9 \u03c3\u03c5\u03c3\u03c4\u03b7\u03bc\u03b1\u03c4\u03b9\u03ba\u03ae \u03c5\u03c0\u03b5\u03c1\u03bf\u03c7\u03ae \u03c4\u03c9\u03bd \u03c3\u03c5\u03b3\u03ba\u03b5\u03bd\u03c4\u03c1\u03c9\u03bc\u03ad\u03bd\u03c9\u03bd \u03bf\u03b9\u03ba\u03bf\u03bd\u03bf\u03bc\u03b9\u03ba\u03ce\u03bd \u03c3\u03c5\u03bc\u03c6\u03b5\u03c1\u03cc\u03bd\u03c4\u03c9\u03bd, \u03b5\u03c6\u03cc\u03c3\u03bf\u03bd \u03cc\u03bb\u03bf\u03b9 \u03bf\u03b9 \u03c4\u03cd\u03c0\u03bf\u03b9 \u03b4\u03c1\u03ce\u03bd\u03c4\u03c9\u03bd \u03bc\u03c0\u03bf\u03c1\u03bf\u03cd\u03bd \u03bd\u03b1 \u03b5\u03c0\u03b7\u03c1\u03b5\u03ac\u03c3\u03bf\u03c5\u03bd \u03c4\u03b7 \u03b4\u03b9\u03b1\u03b4\u03b9\u03ba\u03b1\u03c3\u03af\u03b1 \u03cc\u03c4\u03b1\u03bd \u03c0\u03b1\u03c1\u03ad\u03c7\u03bf\u03c5\u03bd \u03bc\u03b5\u03b3\u03ac\u03bb\u03bf \u03cc\u03b3\u03ba\u03bf \u03c0\u03bb\u03b7\u03c1\u03bf\u03c6\u03bf\u03c1\u03b9\u03ce\u03bd.<\/p>\n<p><strong>\u0397 \u03c0\u03bf\u03b9\u03bf\u03c4\u03b9\u03ba\u03ae \u03c0\u03c1\u03bf\u03c3\u03ad\u03b3\u03b3\u03b9\u03c3\u03b7 <\/strong><\/p>\n<p>\u03a3\u03c4\u03b7 \u03b4\u03b9\u03b4\u03b1\u03ba\u03c4\u03bf\u03c1\u03b9\u03ba\u03ae \u03c4\u03bf\u03c5 \u03b4\u03b9\u03b1\u03c4\u03c1\u03b9\u03b2\u03ae, \u03bf \u0393\u03b9\u03ce\u03c1\u03b3\u03bf\u03c2 \u0392\u03b1\u03c3\u03c3\u03ac\u03bb\u03bf\u03c2<a href=\"#_ftn2\" name=\"_ftnref2\"><span>[2]<\/span><\/a> \u03b5\u03c3\u03c4\u03b9\u03ac\u03b6\u03b5\u03b9 \u03c3\u03c4\u03b7 \u03bc\u03b5\u03bb\u03ad\u03c4\u03b7 \u03c3\u03c5\u03b3\u03ba\u03b5\u03ba\u03c1\u03b9\u03bc\u03ad\u03bd\u03c9\u03bd \u03bd\u03bf\u03bc\u03bf\u03b8\u03b5\u03c4\u03b7\u03bc\u03ac\u03c4\u03c9\u03bd (case-based analysis).<\/p>\n<p>\u0397 \u03bc\u03ad\u03b8\u03bf\u03b4\u03cc\u03c2 \u03c4\u03bf\u03c5 \u03b2\u03b1\u03c3\u03af\u03b6\u03b5\u03c4\u03b1\u03b9 \u03c3\u03b5:<\/p>\n<ol>\n<li>\u03c0\u03b1\u03c1\u03b1\u03ba\u03bf\u03bb\u03bf\u03cd\u03b8\u03b7\u03c3\u03b7 \u03c4\u03b7\u03c2 \u03b1\u03ba\u03c1\u03b9\u03b2\u03bf\u03cd\u03c2 \u03bc\u03b5\u03c4\u03b1\u03c4\u03cc\u03c0\u03b9\u03c3\u03b7\u03c2 \u03b8\u03ad\u03c3\u03b5\u03c9\u03bd \u03c3\u03c4\u03bf \u03bd\u03bf\u03bc\u03bf\u03b8\u03b5\u03c4\u03b9\u03ba\u03cc \u03ba\u03b5\u03af\u03bc\u03b5\u03bd\u03bf<\/li>\n<li>\u03b1\u03bd\u03ac\u03bb\u03c5\u03c3\u03b7 \u03c3\u03c5\u03c3\u03c7\u03b5\u03c4\u03b9\u03c3\u03bc\u03bf\u03cd \u03b4\u03c5\u03bd\u03ac\u03bc\u03b5\u03c9\u03bd \u03c3\u03b5 \u03ba\u03ac\u03b8\u03b5 \u03c3\u03c4\u03ac\u03b4\u03b9\u03bf \u03c4\u03b7\u03c2 \u03b4\u03b9\u03b1\u03b4\u03b9\u03ba\u03b1\u03c3\u03af\u03b1\u03c2,<\/li>\n<li>\u03b1\u03be\u03b9\u03bf\u03bb\u03cc\u03b3\u03b7\u03c3\u03b7 \u03c4\u03bf\u03c5 \u03c0\u03bf\u03b9\u03bf\u03c2 \u03c6\u03bf\u03c1\u03ad\u03b1\u03c2 \u03c0\u03b1\u03c1\u03b5\u03af\u03c7\u03b5 \u03c0\u03bf\u03b9\u03b1 \u03b5\u03c0\u03b9\u03c7\u03b5\u03b9\u03c1\u03ae\u03bc\u03b1\u03c4\u03b1 \u03ba\u03b1\u03b9 \u03c0\u03cc\u03c4\u03b5,<\/li>\n<li>\u03ba\u03b1\u03c4\u03b1\u03bd\u03cc\u03b7\u03c3\u03b7 \u03c4\u03b7\u03c2 \u03b8\u03b5\u03c3\u03bc\u03b9\u03ba\u03ae\u03c2 \u03b4\u03b9\u03b1\u03b4\u03c1\u03bf\u03bc\u03ae\u03c2 \u03bc\u03b9\u03b1\u03c2 \u03c0\u03c1\u03cc\u03c4\u03b1\u03c3\u03b7\u03c2 \u03ba\u03b1\u03b9 \u03c4\u03bf\u03c5 \u03c0\u03bf\u03b9\u03bf\u03c2 \u03b5\u03af\u03c7\u03b5 \u03c0\u03c1\u03cc\u03c3\u03b2\u03b1\u03c3\u03b7 \u03c3\u03c4\u03b1 \u03ba\u03c1\u03af\u03c3\u03b9\u03bc\u03b1 \u03c3\u03b7\u03bc\u03b5\u03af\u03b1 \u03bb\u03ae\u03c8\u03b7\u03c2 \u03b1\u03c0\u03bf\u03c6\u03ac\u03c3\u03b5\u03c9\u03bd.<\/li>\n<\/ol>\n<p>\u0397 \u03c0\u03bf\u03b9\u03bf\u03c4\u03b9\u03ba\u03ae \u03bc\u03ad\u03b8\u03bf\u03b4\u03bf\u03c2 \u03ad\u03c7\u03b5\u03b9 \u03c3\u03b7\u03bc\u03b1\u03bd\u03c4\u03b9\u03ba\u03ac \u03c0\u03bb\u03b5\u03bf\u03bd\u03b5\u03ba\u03c4\u03ae\u03bc\u03b1\u03c4\u03b1:<\/p>\n<ul>\n<li>\u03b5\u03be\u03b5\u03c4\u03ac\u03b6\u03b5\u03b9 \u03c3\u03b5 \u03b2\u03ac\u03b8\u03bf\u03c2 \u03ba\u03ac\u03b8\u03b5 \u03c0\u03bf\u03bb\u03b9\u03c4\u03b9\u03ba\u03cc \u03b6\u03ae\u03c4\u03b7\u03bc\u03b1,<\/li>\n<li>\u03b1\u03bd\u03b1\u03b3\u03bd\u03c9\u03c1\u03af\u03b6\u03b5\u03b9 \u03c4\u03b7\u03bd \u03b1\u03bd\u03b9\u03c3\u03cc\u03c4\u03b7\u03c4\u03b1 \u03c0\u03cc\u03c1\u03c9\u03bd,<\/li>\n<li>\u03bc\u03c0\u03bf\u03c1\u03b5\u03af \u03bd\u03b1 \u03b5\u03be\u03b7\u03b3\u03ae\u03c3\u03b5\u03b9 \u03b3\u03b9\u03b1\u03c4\u03af \u03c3\u03b5 \u03ba\u03ac\u03c0\u03bf\u03b9\u03b5\u03c2 \u03b8\u03b5\u03bc\u03b1\u03c4\u03b9\u03ba\u03ad\u03c2 (\u03cc\u03c0\u03c9\u03c2 \u03b7 MiFID II) \u03c5\u03c0\u03b5\u03c1\u03b9\u03c3\u03c7\u03cd\u03bf\u03c5\u03bd \u03bf\u03b9 \u03b5\u03c4\u03b1\u03b9\u03c1\u03b9\u03ba\u03bf\u03af \u03b4\u03c1\u03ce\u03bd\u03c4\u03b5\u03c2,<\/li>\n<li>\u03b5\u03bd\u03ce \u03c3\u03b5 \u03ac\u03bb\u03bb\u03b5\u03c2 (\u03cc\u03c0\u03c9\u03c2 \u03bf\u03b9 \u03c8\u03b7\u03c6\u03b9\u03b1\u03ba\u03ad\u03c2 \u03c0\u03bb\u03b1\u03c4\u03c6\u03cc\u03c1\u03bc\u03b5\u03c2 \u03b5\u03c1\u03b3\u03b1\u03c3\u03af\u03b1\u03c2) \u03b5\u03c0\u03b9\u03c4\u03c5\u03b3\u03c7\u03ac\u03bd\u03bf\u03c5\u03bd \u03bc\u03b5\u03c4\u03b1\u03c4\u03bf\u03c0\u03af\u03c3\u03b5\u03b9\u03c2 \u03c4\u03b1 \u03c3\u03c5\u03bd\u03b4\u03b9\u03ba\u03ac\u03c4\u03b1.<\/li>\n<\/ul>\n<p>\u03a3\u03b5 \u03b1\u03bd\u03c4\u03af\u03b8\u03b5\u03c3\u03b7 \u03bc\u03b5 \u03c4\u03b7\u03bd Kl\u00fcver, \u03bf \u0392\u03b1\u03c3\u03c3\u03ac\u03bb\u03bf\u03c2 \u03b4\u03b5\u03af\u03c7\u03bd\u03b5\u03b9 \u03cc\u03c4\u03b9 \u03bf\u03b9 \u03c0\u03cc\u03c1\u03bf\u03b9 \u03b4\u03b5\u03bd \u03b5\u03af\u03bd\u03b1\u03b9 \u03c0\u03bf\u03c4\u03ad \u03af\u03c3\u03bf\u03b9 \u2014 \u03ba\u03b1\u03b9 \u03cc\u03c4\u03b9 \u03bf\u03b9 \u03b5\u03c4\u03b1\u03b9\u03c1\u03b9\u03ba\u03bf\u03af \u03b4\u03c1\u03ce\u03bd\u03c4\u03b5\u03c2 \u03ad\u03c7\u03bf\u03c5\u03bd \u03c3\u03c7\u03b5\u03b4\u03cc\u03bd \u03c0\u03ac\u03bd\u03c4\u03b1 \u03c0\u03b5\u03c1\u03b9\u03c3\u03c3\u03cc\u03c4\u03b5\u03c1\u03b1 \u03bc\u03ad\u03c3\u03b1 \u03b5\u03c0\u03b9\u03c1\u03c1\u03bf\u03ae\u03c2.<\/p>\n<p>&nbsp;<\/p>\n<p>&nbsp;<\/p>\n<p><a href=\"#_ftnref1\" name=\"_ftn1\"><span>[1]<\/span><\/a><span> Heike Kl\u00fcve. Lobbying in the European Union: Interest Groups, Lobbying Coalitions, and Policy Change. <\/span>Oxford: Oxford University Press, 2013.<\/p>\n<p><a href=\"#_ftnref2\" name=\"_ftn2\"><span>[2]<\/span><\/a> Yiorgos Vassalos, L\u2019Europe de la finance \u2013 Enqu\u00eate sur la production de la r\u00e9gulation financi\u00e8re europ\u00e9enne (le cas de MiFID 2, 2009-2017), Th\u00e8se soutennue \u00e0 l\u2019Universit\u00e9 de Strasbourg le 2 octobre 2020<\/p>\n<p>[\/et_pb_text][\/et_pb_column][\/et_pb_row][\/et_pb_section]<\/p>\n","protected":false},"excerpt":{"rendered":"<p>\u0397 \u03ba\u03b1\u03c4\u03b1\u03bd\u03cc\u03b7\u03c3\u03b7 \u03c4\u03bf\u03c5 \u03c4\u03c1\u03cc\u03c0\u03bf\u03c5 \u03bc\u03b5 \u03c4\u03bf\u03bd \u03bf\u03c0\u03bf\u03af\u03bf \u03b1\u03c3\u03ba\u03b5\u03af\u03c4\u03b1\u03b9 \u03b5\u03c0\u03b9\u03c1\u03c1\u03bf\u03ae \u03c3\u03c4\u03b7 \u03b4\u03b9\u03b1\u03b4\u03b9\u03ba\u03b1\u03c3\u03af\u03b1 \u03b4\u03b9\u03b1\u03bc\u03cc\u03c1\u03c6\u03c9\u03c3\u03b7\u03c2 \u03c0\u03bf\u03bb\u03b9\u03c4\u03b9\u03ba\u03ce\u03bd \u03c4\u03b7\u03c2 \u0395\u03c5\u03c1\u03c9\u03c0\u03b1\u03ca\u03ba\u03ae\u03c2 \u0388\u03bd\u03c9\u03c3\u03b7\u03c2 \u03b1\u03c0\u03bf\u03c4\u03b5\u03bb\u03b5\u03af \u03ba\u03c1\u03af\u03c3\u03b9\u03bc\u03bf \u03b6\u03ae\u03c4\u03b7\u03bc\u03b1 \u03c4\u03cc\u03c3\u03bf \u03b3\u03b9\u03b1 \u03c4\u03b7\u03bd \u03b1\u03ba\u03b1\u03b4\u03b7\u03bc\u03b1\u03ca\u03ba\u03ae \u03ad\u03c1\u03b5\u03c5\u03bd\u03b1 \u03cc\u03c3\u03bf \u03ba\u03b1\u03b9 \u03b3\u03b9\u03b1 \u03c4\u03bf\u03c5\u03c2 \u03af\u03b4\u03b9\u03bf\u03c5\u03c2 \u03c4\u03bf\u03c5\u03c2 \u03b8\u03b5\u03c3\u03bc\u03bf\u03cd\u03c2. \u0397 \u03c0\u03bf\u03bb\u03c5\u03c0\u03bb\u03bf\u03ba\u03cc\u03c4\u03b7\u03c4\u03b1 \u03c4\u03b7\u03c2 \u03b5\u03c5\u03c1\u03c9\u03c0\u03b1\u03ca\u03ba\u03ae\u03c2 \u03bd\u03bf\u03bc\u03bf\u03b8\u03b5\u03c4\u03b9\u03ba\u03ae\u03c2 \u03b4\u03b9\u03b1\u03b4\u03b9\u03ba\u03b1\u03c3\u03af\u03b1\u03c2, \u03b7 \u03c4\u03b5\u03c7\u03bd\u03b9\u03ba\u03cc\u03c4\u03b7\u03c4\u03b1 \u03c4\u03c9\u03bd \u03c0\u03c1\u03bf\u03c4\u03ac\u03c3\u03b5\u03c9\u03bd \u03c0\u03bf\u03bb\u03b9\u03c4\u03b9\u03ba\u03ae\u03c2 \u03ba\u03b1\u03b9 \u03b7 \u03ba\u03c5\u03c1\u03af\u03b1\u03c1\u03c7\u03b7 \u03b8\u03ad\u03c3\u03b7 \u03c4\u03b7\u03c2 \u0395\u03c5\u03c1\u03c9\u03c0\u03b1\u03ca\u03ba\u03ae\u03c2 \u0395\u03c0\u03b9\u03c4\u03c1\u03bf\u03c0\u03ae\u03c2 \u03c3\u03c4\u03bf \u03c3\u03c4\u03ac\u03b4\u03b9\u03bf \u03c4\u03b7\u03c2 \u03c0\u03c1\u03c9\u03c4\u03bf\u03b2\u03bf\u03c5\u03bb\u03af\u03b1\u03c2 \u03b4\u03b7\u03bc\u03b9\u03bf\u03c5\u03c1\u03b3\u03bf\u03cd\u03bd \u03ad\u03bd\u03b1 [&hellip;]<\/p>\n","protected":false},"author":1,"featured_media":0,"parent":0,"menu_order":0,"comment_status":"closed","ping_status":"closed","template":"","meta":{"_et_pb_use_builder":"on","_et_pb_old_content":"","_et_gb_content_width":"","footnotes":""},"categories":[],"tags":[],"class_list":["post-1146","page","type-page","status-publish","hentry"],"_links":{"self":[{"href":"https:\/\/lobbyingeu.kopenaccess.gr\/index.php\/wp-json\/wp\/v2\/pages\/1146","targetHints":{"allow":["GET"]}}],"collection":[{"href":"https:\/\/lobbyingeu.kopenaccess.gr\/index.php\/wp-json\/wp\/v2\/pages"}],"about":[{"href":"https:\/\/lobbyingeu.kopenaccess.gr\/index.php\/wp-json\/wp\/v2\/types\/page"}],"author":[{"embeddable":true,"href":"https:\/\/lobbyingeu.kopenaccess.gr\/index.php\/wp-json\/wp\/v2\/users\/1"}],"replies":[{"embeddable":true,"href":"https:\/\/lobbyingeu.kopenaccess.gr\/index.php\/wp-json\/wp\/v2\/comments?post=1146"}],"version-history":[{"count":3,"href":"https:\/\/lobbyingeu.kopenaccess.gr\/index.php\/wp-json\/wp\/v2\/pages\/1146\/revisions"}],"predecessor-version":[{"id":1201,"href":"https:\/\/lobbyingeu.kopenaccess.gr\/index.php\/wp-json\/wp\/v2\/pages\/1146\/revisions\/1201"}],"wp:attachment":[{"href":"https:\/\/lobbyingeu.kopenaccess.gr\/index.php\/wp-json\/wp\/v2\/media?parent=1146"}],"wp:term":[{"taxonomy":"category","embeddable":true,"href":"https:\/\/lobbyingeu.kopenaccess.gr\/index.php\/wp-json\/wp\/v2\/categories?post=1146"},{"taxonomy":"post_tag","embeddable":true,"href":"https:\/\/lobbyingeu.kopenaccess.gr\/index.php\/wp-json\/wp\/v2\/tags?post=1146"}],"curies":[{"name":"wp","href":"https:\/\/api.w.org\/{rel}","templated":true}]}}